{"id":1518,"date":"2025-04-25T03:48:08","date_gmt":"2025-04-25T07:48:08","guid":{"rendered":"https:\/\/www.dentisterieesthetiquegatineau.ca\/?page_id=1518"},"modified":"2025-04-25T04:38:42","modified_gmt":"2025-04-25T08:38:42","slug":"privacy-policy","status":"publish","type":"page","link":"https:\/\/www.dentisterieesthetiquegatineau.ca\/en\/privacy-policy\/","title":{"rendered":"Privacy Policy"},"content":{"rendered":"<div class=\"vce-row-container\" data-vce-boxed-width=\"true\"><div class=\"vce-row vce-element--has-background vce-row--col-gap-0 vce-row-full-height vce-row-equal-height vce-row-columns--top vce-row-content--top\" id=\"el-6f342315\" data-vce-do-apply=\"all el-6f342315\"><div class=\"vce-content-background-container\"><div class=\"vce-asset-background-simple-container vce-visible-all-only vce-asset-background-simple--style-cover vce-asset-background-simple--position-center-center\"><div class=\"vce-asset-background-simple\">\n              <div style='background-image: url(\"https:\/\/www.dentisterieesthetiquegatineau.ca\/wp-content\/uploads\/2023\/12\/bg-header.png\");'  class=\"vce-asset-background-simple-item vcv-lozad\" ><\/div>\n              <noscript>\n                <div class=\"vce-asset-background-simple-item\" style=\"background-image: url(https:\/\/www.dentisterieesthetiquegatineau.ca\/wp-content\/uploads\/2023\/12\/bg-header.png)\"><\/div>\n              <\/noscript>\n            <\/div><\/div><\/div><div class=\"vce-row-content\" data-vce-element-content=\"true\"><div class=\"vce-col vce-col--xs-100p vce-col--xs-visible vce-col--xs-last vce-col--xs-first vce-col--sm-100p vce-col--sm-visible vce-col--sm-last vce-col--sm-first vce-col--md-41p vce-col--md-visible vce-col--md-first vce-col--lg-41p vce-col--lg-visible vce-col--lg-first vce-col--xl-41p vce-col--xl-visible vce-col--xl-first pl-150  pr-50 pt-322 pb-192\" id=\"el-a0ab536a\"><div class=\"vce-col-inner\" data-vce-do-apply=\"border margin background  el-a0ab536a\"><div class=\"vce-col-content\" data-vce-element-content=\"true\" data-vce-do-apply=\"padding el-a0ab536a\"><div class=\"vce-text-block pb-15\"><div class=\"vce-text-block-wrapper vce\" id=\"el-43541d37\" data-vce-do-apply=\"all el-43541d37\"><h1>Privacy Policy<\/h1>\n<\/div><\/div><\/div><\/div><\/div><div class=\"vce-col vce-col--xs-100p vce-col--xs-visible vce-col--xs-last vce-col--xs-first vce-col--sm-100p vce-col--sm-visible vce-col--sm-last vce-col--sm-first vce-col--md-auto vce-col--md-visible vce-col--md-last vce-col--lg-auto vce-col--lg-visible vce-col--lg-last vce-col--xl-auto vce-col--xl-visible vce-col--xl-last pt-265 pr-208\" id=\"el-779e9010\"><div class=\"vce-col-inner\" data-vce-do-apply=\"border margin background  el-779e9010\"><div class=\"vce-col-content\" data-vce-element-content=\"true\" data-vce-do-apply=\"padding el-779e9010\"><div class=\"vce-single-image-container vce-single-image--align-center\"><div class=\"vce vce-single-image-wrapper\" id=\"el-51473d0f\" data-vce-do-apply=\"all el-51473d0f\"><figure><div class=\"vce-single-image-figure-inner\" style=\"width: 921px;\"><div class=\"vce-single-image-inner vce-single-image--absolute\" style=\"width: 100%; padding-bottom: 82.9533%;\"><img decoding=\"async\" class=\"vce-single-image\" src=\"https:\/\/www.dentisterieesthetiquegatineau.ca\/wp-content\/uploads\/2023\/12\/Votre-sourire.png\" data-img-src=\"https:\/\/www.dentisterieesthetiquegatineau.ca\/wp-content\/uploads\/2023\/12\/Votre-sourire.png\" data-attachment-id=\"32\" alt=\"Votre sourire, notre signature.\" title=\"Votre sourire\"><\/div><\/div><figcaption hidden=\"\"><\/figcaption><\/figure><\/div><\/div><\/div><\/div><\/div><\/div><\/div><\/div><div class=\"vce-row-container\" data-vce-boxed-width=\"true\"><div class=\"vce-row vce-element--has-background vce-row--col-gap-30 vce-row-equal-height vce-row-content--top\" id=\"el-5b1b7970\" data-vce-do-apply=\"all el-5b1b7970\"><div class=\"vce-content-background-container\"><div class=\"vce-asset-background-simple-container vce-visible-all-only vce-asset-background-simple--style-cover vce-asset-background-simple--position-center-center\"><div class=\"vce-asset-background-simple\">\n              <div style='background-image: url(\"https:\/\/www.dentisterieesthetiquegatineau.ca\/wp-content\/uploads\/2023\/12\/bg-gris.png\");'  class=\"vce-asset-background-simple-item vcv-lozad\" ><\/div>\n              <noscript>\n                <div class=\"vce-asset-background-simple-item\" style=\"background-image: url(https:\/\/www.dentisterieesthetiquegatineau.ca\/wp-content\/uploads\/2023\/12\/bg-gris.png)\"><\/div>\n              <\/noscript>\n            <\/div><\/div><\/div><div class=\"vce-row-content\" data-vce-element-content=\"true\"><div class=\"vce-col vce-col--md-auto vce-col--xs-1 vce-col--xs-last vce-col--xs-first vce-col--sm-last vce-col--sm-first vce-col--md-last vce-col--lg-last vce-col--xl-last vce-col--md-first vce-col--lg-first vce-col--xl-first pt-117 pl-150 pr-150  pb-110\" id=\"el-311ab68b\"><div class=\"vce-col-inner\" data-vce-do-apply=\"border margin background  el-311ab68b\"><div class=\"vce-col-content\" data-vce-element-content=\"true\" data-vce-do-apply=\"padding el-311ab68b\"><div class=\"vce-text-block pb-35\"><div class=\"vce-text-block-wrapper vce\" id=\"el-e7f0fac7\" data-vce-do-apply=\"all el-e7f0fac7\"><h2>Introduction<\/h2><\/div><\/div><div class=\"vce-text-block pb-40\"><div class=\"vce-text-block-wrapper vce\" id=\"el-7f4b61ca\" data-vce-do-apply=\"all el-7f4b61ca\"><p>With the development of new communication tools, it is necessary to pay particular attention to the protection of privacy. That is why we are committed to respecting the confidentiality of the personal information we collect.<\/p>\n<\/div><\/div><div class=\"vce-text-block pb-35\"><div class=\"vce-text-block-wrapper vce\" id=\"el-5aef1fba\" data-vce-do-apply=\"all el-5aef1fba\"><h2>Collection of personal information<\/h2>\n<\/div><\/div><div class=\"vce-text-block pb-40\"><div class=\"vce-text-block-wrapper vce\" id=\"el-949d3ae6\" data-vce-do-apply=\"all el-949d3ae6\"><ul class=\"pb-30\">\n<li>First name<\/li>\n<li>Postal address<\/li>\n<li>Postal code<\/li>\n<li>Email<\/li>\n<li>Phone\/fax<\/li>\n<\/ul>\n<p>The personal information we collect is gathered through forms and through the interactivity established between you and our website. We also use, as indicated in the following section, cookies and\/or logs to gather information about you.<\/p>\n<\/div><\/div><div class=\"vce-text-block pb-35\"><div class=\"vce-text-block-wrapper vce\" id=\"el-c6f49199\" data-vce-do-apply=\"all el-c6f49199\"><h2>Forms and interactivity:<\/h2>\n<\/div><\/div><div class=\"vce-text-block pb-40\"><div class=\"vce-text-block-wrapper vce\" id=\"el-dc8d452e\" data-vce-do-apply=\"all el-dc8d452e\"><p class=\"pb-30\">Your personal information is collected through forms, namely:<\/p>\n<ul class=\"pb-30\">\n<li>Website registration form<\/li>\n<\/ul>\n<p class=\"pb-30\">We use the information collected for the following purposes:<\/p>\n<ul class=\"pb-30\">\n<li>Information \/ Promotional offers<\/li>\n<li>Statistics<\/li>\n<li>Contact<\/li>\n<\/ul>\n<p class=\"pb-30\">Your information is also collected through the interactivity that may be established between you and our website, as follows:<\/p>\n<ul class=\"pb-30\">\n<li>Comments<\/li>\n<li>Correspondence<\/li>\n<\/ul>\n<p class=\"pb-30\">We use the information collected for the following purposes:<\/p>\n<ul>\n<li>Information or promotional offers<\/li>\n<li>Statistics<\/li>\n<li>Contact<\/li>\n<\/ul>\n<\/div><\/div><div class=\"vce-text-block pb-35\"><div class=\"vce-text-block-wrapper vce\" id=\"el-d066d3cd\" data-vce-do-apply=\"all el-d066d3cd\"><h2>Right to object and withdraw<\/h2>\n<\/div><\/div><div class=\"vce-text-block pb-40\"><div class=\"vce-text-block-wrapper vce\" id=\"el-838369be\" data-vce-do-apply=\"all el-838369be\"><p class=\"pb-30\">We are committed to offering you the right to object to and withdraw your personal information. The right to object is understood as the possibility offered to Internet users to refuse that their personal information be used for certain purposes mentioned during collection.<\/p>\n<p class=\"pb-30\">The right of withdrawal is understood as the possibility offered to Internet users to request that their personal information no longer appear, for example, on a mailing list.<\/p>\n<p class=\"pb-30\"><b>To exercise these rights, you may:<\/b><\/p>\n<p>Person: Dr. David Cot\u00e9<br>\nAddress: 80 Rue Belleau, Gatineau, QC J9A 1H1<br>\nEmail: <a class=\"green underline\" href=\"mailto:info@drdavidcote.com\">info@drdavidcote.com<\/a><br>\nPhone: <a class=\"green underline\" href=\"tel:8197703636\">819-770-3636<\/a><\/p>\n<\/div><\/div><div class=\"vce-text-block pb-35\"><div class=\"vce-text-block-wrapper vce\" id=\"el-5db8674a\" data-vce-do-apply=\"all el-5db8674a\"><h2>Right of access<\/h2>\n<\/div><\/div><div class=\"vce-text-block pb-40\"><div class=\"vce-text-block-wrapper vce\" id=\"el-f2413895\" data-vce-do-apply=\"all el-f2413895\"><p class=\"pb-30\">We are committed to recognizing the right of access and rectification to those concerned who wish to consult, modify, or even delete information concerning them. This right may be exercised by contacting us at:<\/p>\n<p>Address: 80 Rue Belleau, Gatineau, QC J9A 1H1<br>\nEmail: <a class=\"green underline\" href=\"mailto:info@drdavidcote.com\">info@drdavidcote.com<\/a><br>\nPhone: <a class=\"green underline\" href=\"tel:8197703636\">819-770-3636<\/a><\/p>\n<\/div><\/div><div class=\"vce-text-block pb-35\"><div class=\"vce-text-block-wrapper vce\" id=\"el-fff293b6\" data-vce-do-apply=\"all el-fff293b6\"><h2>Security<\/h2>\n<\/div><\/div><div class=\"vce-text-block pb-40\"><div class=\"vce-text-block-wrapper vce\" id=\"el-351d83d2\" data-vce-do-apply=\"all el-351d83d2\"><p class=\"pb-30\">The personal information we collect is stored in a secure environment. Our employees are required to respect the confidentiality of your information. To ensure the security of your personal information, we use the following measures:<\/p>\n<ul class=\"pb-30\">\n<li>SSL protocol<\/li>\n<li>Network monitoring software<\/li>\n<li>Computer backup<\/li>\n<li>Firewall<\/li>\n<\/ul>\n<p>We are committed to maintaining a high level of confidentiality by incorporating the latest technological innovations to ensure the confidentiality of your transactions. However, as no mechanism offers maximum security, there is always some risk when using the Internet to transmit personal information.<\/p>\n<\/div><\/div><div class=\"vce-text-block pb-35\"><div class=\"vce-text-block-wrapper vce\" id=\"el-8c309ace\" data-vce-do-apply=\"all el-8c309ace\"><h2>Legislation<\/h2>\n<\/div><\/div><div class=\"vce-text-block pb-40\"><div class=\"vce-text-block-wrapper vce\" id=\"el-ef750d37\" data-vce-do-apply=\"all el-ef750d37\"><p>We are committed to complying with the legislative provisions set out in:<br>\nLegislation: Act 25<br>\nPrivacy Policy Generator \/ <a class=\"green\" href=\"https:\/\/www.politiquedeconfidentialite.ca\/\" target=\"_blank\" rel=\"noopener\">Privacy Policy<\/a><\/p>\n<\/div><\/div><\/div><\/div><\/div><\/div><\/div><\/div>\n","protected":false},"excerpt":{"rendered":"<p>Privacy Policy IntroductionWith the development of new communication tools, it is necessary to pay particular attention to the protection of privacy. That is why we are committed to respecting the [&hellip;]<\/p>\n","protected":false},"author":1,"featured_media":0,"parent":0,"menu_order":0,"comment_status":"closed","ping_status":"closed","template":"","meta":{"footnotes":""},"class_list":["post-1518","page","type-page","status-publish","hentry"],"yoast_head":"<!-- This site is optimized with the Yoast SEO plugin v27.2 - https:\/\/yoast.com\/product\/yoast-seo-wordpress\/ -->\n<title>Privacy Policy - La clinique esth\u00e9tique dentaire Dr C\u00f4t\u00e9<\/title>\n<meta name=\"robots\" content=\"index, follow, max-snippet:-1, max-image-preview:large, max-video-preview:-1\" \/>\n<link rel=\"canonical\" href=\"https:\/\/www.dentisterieesthetiquegatineau.ca\/en\/privacy-policy\/\" \/>\n<meta property=\"og:locale\" content=\"en_US\" \/>\n<meta property=\"og:type\" content=\"article\" \/>\n<meta property=\"og:title\" content=\"Privacy Policy - La clinique esth\u00e9tique dentaire Dr C\u00f4t\u00e9\" \/>\n<meta property=\"og:description\" content=\"Privacy Policy IntroductionWith the development of new communication tools, it is necessary to pay particular attention to the protection of privacy. That is why we are committed to respecting the [&hellip;]\" \/>\n<meta property=\"og:url\" content=\"https:\/\/www.dentisterieesthetiquegatineau.ca\/en\/privacy-policy\/\" \/>\n<meta property=\"og:site_name\" content=\"La clinique esth\u00e9tique dentaire Dr C\u00f4t\u00e9\" \/>\n<meta property=\"article:modified_time\" content=\"2025-04-25T08:38:42+00:00\" \/>\n<meta name=\"twitter:card\" content=\"summary_large_image\" \/>\n<script type=\"application\/ld+json\" class=\"yoast-schema-graph\">{\"@context\":\"https:\/\/schema.org\",\"@graph\":[{\"@type\":\"WebPage\",\"@id\":\"https:\/\/www.dentisterieesthetiquegatineau.ca\/en\/privacy-policy\/\",\"url\":\"https:\/\/www.dentisterieesthetiquegatineau.ca\/en\/privacy-policy\/\",\"name\":\"Privacy Policy - La clinique esth\u00e9tique dentaire Dr C\u00f4t\u00e9\",\"isPartOf\":{\"@id\":\"https:\/\/www.dentisterieesthetiquegatineau.ca\/en\/#website\"},\"datePublished\":\"2025-04-25T07:48:08+00:00\",\"dateModified\":\"2025-04-25T08:38:42+00:00\",\"breadcrumb\":{\"@id\":\"https:\/\/www.dentisterieesthetiquegatineau.ca\/en\/privacy-policy\/#breadcrumb\"},\"inLanguage\":\"en-US\",\"potentialAction\":[{\"@type\":\"ReadAction\",\"target\":[\"https:\/\/www.dentisterieesthetiquegatineau.ca\/en\/privacy-policy\/\"]}]},{\"@type\":\"BreadcrumbList\",\"@id\":\"https:\/\/www.dentisterieesthetiquegatineau.ca\/en\/privacy-policy\/#breadcrumb\",\"itemListElement\":[{\"@type\":\"ListItem\",\"position\":1,\"name\":\"Accueil\",\"item\":\"https:\/\/www.dentisterieesthetiquegatineau.ca\/en\/\"},{\"@type\":\"ListItem\",\"position\":2,\"name\":\"Privacy Policy\"}]},{\"@type\":\"WebSite\",\"@id\":\"https:\/\/www.dentisterieesthetiquegatineau.ca\/en\/#website\",\"url\":\"https:\/\/www.dentisterieesthetiquegatineau.ca\/en\/\",\"name\":\"La clinique esth\u00e9tique dentaire Dr C\u00f4t\u00e9\",\"description\":\"\",\"publisher\":{\"@id\":\"https:\/\/www.dentisterieesthetiquegatineau.ca\/en\/#organization\"},\"potentialAction\":[{\"@type\":\"SearchAction\",\"target\":{\"@type\":\"EntryPoint\",\"urlTemplate\":\"https:\/\/www.dentisterieesthetiquegatineau.ca\/en\/?s={search_term_string}\"},\"query-input\":{\"@type\":\"PropertyValueSpecification\",\"valueRequired\":true,\"valueName\":\"search_term_string\"}}],\"inLanguage\":\"en-US\"},{\"@type\":\"Organization\",\"@id\":\"https:\/\/www.dentisterieesthetiquegatineau.ca\/en\/#organization\",\"name\":\"La clinique esth\u00e9tique dentaire Dr C\u00f4t\u00e9\",\"url\":\"https:\/\/www.dentisterieesthetiquegatineau.ca\/en\/\",\"logo\":{\"@type\":\"ImageObject\",\"inLanguage\":\"en-US\",\"@id\":\"https:\/\/www.dentisterieesthetiquegatineau.ca\/en\/#\/schema\/logo\/image\/\",\"url\":\"https:\/\/www.dentisterieesthetiquegatineau.ca\/wp-content\/uploads\/2023\/12\/Logo-Dr-David-Cote.svg\",\"contentUrl\":\"https:\/\/www.dentisterieesthetiquegatineau.ca\/wp-content\/uploads\/2023\/12\/Logo-Dr-David-Cote.svg\",\"width\":407,\"height\":113,\"caption\":\"La clinique esth\u00e9tique dentaire Dr C\u00f4t\u00e9\"},\"image\":{\"@id\":\"https:\/\/www.dentisterieesthetiquegatineau.ca\/en\/#\/schema\/logo\/image\/\"}}]}<\/script>\n<!-- \/ Yoast SEO plugin. -->","yoast_head_json":{"title":"Privacy Policy - La clinique esth\u00e9tique dentaire Dr C\u00f4t\u00e9","robots":{"index":"index","follow":"follow","max-snippet":"max-snippet:-1","max-image-preview":"max-image-preview:large","max-video-preview":"max-video-preview:-1"},"canonical":"https:\/\/www.dentisterieesthetiquegatineau.ca\/en\/privacy-policy\/","og_locale":"en_US","og_type":"article","og_title":"Privacy Policy - La clinique esth\u00e9tique dentaire Dr C\u00f4t\u00e9","og_description":"Privacy Policy IntroductionWith the development of new communication tools, it is necessary to pay particular attention to the protection of privacy. That is why we are committed to respecting the [&hellip;]","og_url":"https:\/\/www.dentisterieesthetiquegatineau.ca\/en\/privacy-policy\/","og_site_name":"La clinique esth\u00e9tique dentaire Dr C\u00f4t\u00e9","article_modified_time":"2025-04-25T08:38:42+00:00","twitter_card":"summary_large_image","schema":{"@context":"https:\/\/schema.org","@graph":[{"@type":"WebPage","@id":"https:\/\/www.dentisterieesthetiquegatineau.ca\/en\/privacy-policy\/","url":"https:\/\/www.dentisterieesthetiquegatineau.ca\/en\/privacy-policy\/","name":"Privacy Policy - La clinique esth\u00e9tique dentaire Dr C\u00f4t\u00e9","isPartOf":{"@id":"https:\/\/www.dentisterieesthetiquegatineau.ca\/en\/#website"},"datePublished":"2025-04-25T07:48:08+00:00","dateModified":"2025-04-25T08:38:42+00:00","breadcrumb":{"@id":"https:\/\/www.dentisterieesthetiquegatineau.ca\/en\/privacy-policy\/#breadcrumb"},"inLanguage":"en-US","potentialAction":[{"@type":"ReadAction","target":["https:\/\/www.dentisterieesthetiquegatineau.ca\/en\/privacy-policy\/"]}]},{"@type":"BreadcrumbList","@id":"https:\/\/www.dentisterieesthetiquegatineau.ca\/en\/privacy-policy\/#breadcrumb","itemListElement":[{"@type":"ListItem","position":1,"name":"Accueil","item":"https:\/\/www.dentisterieesthetiquegatineau.ca\/en\/"},{"@type":"ListItem","position":2,"name":"Privacy Policy"}]},{"@type":"WebSite","@id":"https:\/\/www.dentisterieesthetiquegatineau.ca\/en\/#website","url":"https:\/\/www.dentisterieesthetiquegatineau.ca\/en\/","name":"La clinique esth\u00e9tique dentaire Dr C\u00f4t\u00e9","description":"","publisher":{"@id":"https:\/\/www.dentisterieesthetiquegatineau.ca\/en\/#organization"},"potentialAction":[{"@type":"SearchAction","target":{"@type":"EntryPoint","urlTemplate":"https:\/\/www.dentisterieesthetiquegatineau.ca\/en\/?s={search_term_string}"},"query-input":{"@type":"PropertyValueSpecification","valueRequired":true,"valueName":"search_term_string"}}],"inLanguage":"en-US"},{"@type":"Organization","@id":"https:\/\/www.dentisterieesthetiquegatineau.ca\/en\/#organization","name":"La clinique esth\u00e9tique dentaire Dr C\u00f4t\u00e9","url":"https:\/\/www.dentisterieesthetiquegatineau.ca\/en\/","logo":{"@type":"ImageObject","inLanguage":"en-US","@id":"https:\/\/www.dentisterieesthetiquegatineau.ca\/en\/#\/schema\/logo\/image\/","url":"https:\/\/www.dentisterieesthetiquegatineau.ca\/wp-content\/uploads\/2023\/12\/Logo-Dr-David-Cote.svg","contentUrl":"https:\/\/www.dentisterieesthetiquegatineau.ca\/wp-content\/uploads\/2023\/12\/Logo-Dr-David-Cote.svg","width":407,"height":113,"caption":"La clinique esth\u00e9tique dentaire Dr C\u00f4t\u00e9"},"image":{"@id":"https:\/\/www.dentisterieesthetiquegatineau.ca\/en\/#\/schema\/logo\/image\/"}}]}},"_links":{"self":[{"href":"https:\/\/www.dentisterieesthetiquegatineau.ca\/en\/wp-json\/wp\/v2\/pages\/1518","targetHints":{"allow":["GET"]}}],"collection":[{"href":"https:\/\/www.dentisterieesthetiquegatineau.ca\/en\/wp-json\/wp\/v2\/pages"}],"about":[{"href":"https:\/\/www.dentisterieesthetiquegatineau.ca\/en\/wp-json\/wp\/v2\/types\/page"}],"author":[{"embeddable":true,"href":"https:\/\/www.dentisterieesthetiquegatineau.ca\/en\/wp-json\/wp\/v2\/users\/1"}],"replies":[{"embeddable":true,"href":"https:\/\/www.dentisterieesthetiquegatineau.ca\/en\/wp-json\/wp\/v2\/comments?post=1518"}],"version-history":[{"count":0,"href":"https:\/\/www.dentisterieesthetiquegatineau.ca\/en\/wp-json\/wp\/v2\/pages\/1518\/revisions"}],"wp:attachment":[{"href":"https:\/\/www.dentisterieesthetiquegatineau.ca\/en\/wp-json\/wp\/v2\/media?parent=1518"}],"curies":[{"name":"wp","href":"https:\/\/api.w.org\/{rel}","templated":true}]}}